{"id":672,"date":"2024-09-22T04:00:09","date_gmt":"2024-09-22T02:00:09","guid":{"rendered":"https:\/\/aio-contact.com\/?page_id=672"},"modified":"2025-02-04T16:50:24","modified_gmt":"2025-02-04T14:50:24","slug":"aio-call-center-boutique","status":"publish","type":"page","link":"https:\/\/aio-contact.com\/en\/aio-call-center-boutique\/","title":{"rendered":"Call center boutique especializado"},"content":{"rendered":"<div class=\"wp-block-cover alignfull has-parallax\"><div class=\"wp-block-cover__image-background wp-image-645 has-parallax\" style=\"background-position:50% 50%;background-image:url(https:\/\/aio-contact.com\/wp-content\/uploads\/2024\/09\/AIO.Sitioweb.png)\"><\/div><span aria-hidden=\"true\" class=\"wp-block-cover__background has-background-dim-40 has-background-dim\" style=\"background-color:#000000\"><\/span><div class=\"wp-block-cover__inner-container is-layout-flow wp-block-cover-is-layout-flow\">\n<div class=\"wp-block-columns is-layout-flex wp-container-core-columns-is-layout-8f761849 wp-block-columns-is-layout-flex\">\n<div class=\"wp-block-column is-layout-flow wp-block-column-is-layout-flow\" style=\"flex-basis:25%\"><\/div>\n\n\n\n<div class=\"wp-block-column is-layout-flow wp-block-column-is-layout-flow\" style=\"flex-basis:50%\"><h2 class=\"has-text-align-center wp-block-post-title has-large-font-size\">Call center boutique especializado<\/h2>\n\n\n<div style=\"height:26px\" aria-hidden=\"true\" class=\"wp-block-spacer\"><\/div>\n\n\n\n<p class=\"has-text-align-center alignwide has-white-color has-text-color has-link-color wp-elements-31a07d72158ffd4c1f441a8dcfe2ed1b wp-block-paragraph\" style=\"font-size:18px\">Con m\u00e1s de 20 a\u00f1os de experiencia en el desarrollo, creaci\u00f3n e implementaci\u00f3n de soluciones personalizadas de <mark style=\"background-color:rgba(0, 0, 0, 0);color:#f39200\" class=\"has-inline-color\">contact center<\/mark>, nuestro enfoque se centra en garantizar que cada cliente reciba atenci\u00f3n de calidad a trav\u00e9s de un call center especializado.<br><br><strong><mark style=\"background-color:rgba(0, 0, 0, 0);color:#f39200\" class=\"has-inline-color\">Our differentiating factor is sales and quality<\/mark><\/strong><\/p>\n<\/div>\n\n\n\n<div class=\"wp-block-column is-layout-flow wp-block-column-is-layout-flow\" style=\"flex-basis:25%\"><\/div>\n<\/div>\n<\/div><\/div>\n\n\n\n<section id=\"section-32c1d2c3-5e2f-4823-a46b-18bcf04bfb23\" class=\"wp-block-gutentor-content-box gutentor-section gutentor-content-box-wrapper content-template1\"><div class=\"grid-container\"><div class=\"gutentor-block-header\"><div class=\"gutentor-section-title text-center\"><h2 class=\"gutentor-title\"> <strong>\u00bfPor qu\u00e9 elegir AIO Contact como tu socio de confianza?<\/strong><\/h2><\/div><\/div><div class=\"grid-row gutentor-grid-item-wrap\"><div class=\"gutentor-grid-column grid-lg-6 grid-md-6 grid-12\"><div class=\"gutentor-single-item gutentor-single-item-0\"><div class=\"gutentor-single-item-wrap\"><div class=\"gutentor-single-item-content\"><p class=\"gutentor-single-item-desc\">En un mundo empresarial donde las relaciones lo son todo, elegir un socio estrat\u00e9gico no es solo una decisi\u00f3n, sino una inversi\u00f3n en el \u00e9xito a largo plazo. En <strong><mark style=\"color:#f39200\" class=\"has-inline-color\">AIO Contact<\/mark><\/strong>, hemos perfeccionado durante m\u00e1s de <mark style=\"color:#f39200\" class=\"has-inline-color\">20 a\u00f1os<\/mark> la f\u00f3rmula para brindar resultados excepcionales mediante servicios de atenci\u00f3n al cliente y teleconcertaci\u00f3n dise\u00f1ados a medida. Nuestra experiencia y enfoque innovador nos convierten en la opci\u00f3n ideal para impulsar el crecimiento de tu negocio.<br><br><strong><mark style=\"color:#f39200\" class=\"has-inline-color\">Atenci\u00f3n personalizada como eje central<\/mark><\/strong><br>Mientras que otros call centers gestionan decenas o cientos de clientes a la vez, nosotros operamos bajo un modelo boutique que prioriza la <strong>relaci\u00f3n cercana y estrat\u00e9gica<\/strong> con cada cliente. Este enfoque nos permite profundizar en el conocimiento de tu marca, adaptarnos a tus objetivos y convertirnos en una extensi\u00f3n natural de tu equipo. Con AIO Contact, tus clientes se sentir\u00e1n atendidos, valorados y fidelizados gracias a nuestra atenci\u00f3n personalizada.<\/p><\/div><\/div><\/div><\/div><div class=\"gutentor-grid-column grid-lg-6 grid-md-6 grid-12\"><div class=\"gutentor-single-item gutentor-single-item-1\"><div class=\"gutentor-single-item-wrap\"><div class=\"gutentor-single-item-content\"><p class=\"gutentor-single-item-desc\"><strong><mark style=\"color:#f39200\" class=\"has-inline-color\">Transparencia total en cada interacci\u00f3n<\/mark><\/strong><br>La confianza es la base de toda relaci\u00f3n s\u00f3lida. Por eso, en AIO Contact ofrecemos un nivel de transparencia incomparable en nuestros procesos. Con nosotros, no solo obtendr\u00e1s resultados; tambi\u00e9n tendr\u00e1s acceso a las grabaciones de cada llamada y reportes detallados que te permitir\u00e1n conocer de primera mano c\u00f3mo gestionamos las interacciones con tus clientes.<br><br><strong><mark style=\"color:#f39200\" class=\"has-inline-color\">Resultados medibles que generan impacto<\/mark><\/strong><br>Nuestro compromiso es contigo y con tus resultados. Sabemos que las empresas B2B necesitan datos claros y objetivos para evaluar su \u00e9xito, por lo que cada uno de nuestros servicios est\u00e1 dise\u00f1ado para proporcionar m\u00e9tricas tangibles, desde citas confirmadas hasta niveles de satisfacci\u00f3n del cliente. Nos enfocamos en mejorar continuamente para asegurarte un retorno de inversi\u00f3n que supere tus expectativas.  <\/p><\/div><\/div><\/div><\/div><\/div><\/div><\/section>\n\n\n\n<section id=\"section-69257e00-daf9-46da-8a0a-9e73a98ed232\" class=\"wp-block-gutentor-icon-box gutentor-section gutentor-icon-wrapper icon-template1 has-color-bg has-custom-bg\"><div class=\"grid-container\"><div class=\"grid-row gutentor-grid-item-wrap\"><div class=\"gutentor-grid-column grid-lg-4 grid-md-6 grid-12\"><div class=\"gutentor-single-item gutentor-icon gutentor-single-item-0\"><div class=\"gutentor-single-item-wrap\"><div class=\"gutentor-single-item-icon-box\"><i class=\"far fa-calendar-check\"><\/i><\/div><div class=\"gutentor-single-item-content\"><h3 class=\"gutentor-single-item-title\">M\u00e1s de 2.500 citas generadas en 2024<\/h3><p class=\"gutentor-single-item-desc\">Sabemos que cada reuni\u00f3n cuenta. Nuestro servicio de <mark style=\"color:#f39200\" class=\"has-inline-color\">teleconcertaci\u00f3n<\/mark> ha permitido a empresas conectar con los decisores clave, optimizando el tiempo de sus equipos comerciales y asegurando oportunidades reales de negocio.<\/p><\/div><\/div><\/div><\/div><div class=\"gutentor-grid-column grid-lg-4 grid-md-6 grid-12\"><div class=\"gutentor-single-item gutentor-icon gutentor-single-item-1\"><div class=\"gutentor-single-item-wrap\"><div class=\"gutentor-single-item-icon-box\"><i class=\"fas fa-chart-area\"><\/i><\/div><div class=\"gutentor-single-item-content\"><h3 class=\"gutentor-single-item-title\">Aumento del 86% en crecimiento anual <\/h3><p class=\"gutentor-single-item-desc\">Nuestro enfoque boutique y personalizado nos ha permitido crecer un 86% en el \u00faltimo a\u00f1o. Este crecimiento refleja la confianza de nuestros clientes y la eficacia de nuestras <mark style=\"color:#f39200\" class=\"has-inline-color\">estrategias<\/mark> en la generaci\u00f3n de oportunidades comerciales.<\/p><\/div><\/div><\/div><\/div><div class=\"gutentor-grid-column grid-lg-4 grid-md-6 grid-12\"><div class=\"gutentor-single-item gutentor-icon gutentor-single-item-2\"><div class=\"gutentor-single-item-wrap\"><div class=\"gutentor-single-item-icon-box\"><i class=\"fas fa-donate\"><\/i><\/div><div class=\"gutentor-single-item-content\"><h3 class=\"gutentor-single-item-title\">Clientes que lograron multiplicar sus ventas<\/h3><p class=\"gutentor-single-item-desc\">M\u00e1s all\u00e1 de generar reuniones, nuestro objetivo es <mark style=\"color:#f39200\" class=\"has-inline-color\">impulsar el crecimiento<\/mark> de nuestros clientes. Gracias a nuestra metodolog\u00eda y compromiso con la calidad, muchas empresas han visto un incremento significativo en sus ventas.<\/p><\/div><\/div><\/div><\/div><\/div><\/div><\/section>\n\n\n\n<div class=\"wp-block-columns alignfull is-layout-flex wp-container-core-columns-is-layout-8f761849 wp-block-columns-is-layout-flex\">\n<div class=\"wp-block-column is-layout-flow wp-block-column-is-layout-flow\" style=\"flex-basis:100%\">\n<div class=\"wp-block-cover alignfull is-light wp-duotone-unset-2\" style=\"margin-top:0;padding-top:48px;padding-right:48px;padding-bottom:48px;padding-left:48px;min-height:66vh;aspect-ratio:unset;\"><img loading=\"lazy\" decoding=\"async\" width=\"1366\" height=\"768\" class=\"wp-block-cover__image-background wp-image-662\" alt=\"\" src=\"https:\/\/aio-contact.com\/wp-content\/uploads\/2024\/09\/AIO.Sitioweb-1.png\" data-object-fit=\"cover\" srcset=\"https:\/\/aio-contact.com\/wp-content\/uploads\/2024\/09\/AIO.Sitioweb-1.png 1366w, https:\/\/aio-contact.com\/wp-content\/uploads\/2024\/09\/AIO.Sitioweb-1-500x280.png 500w, https:\/\/aio-contact.com\/wp-content\/uploads\/2024\/09\/AIO.Sitioweb-1-18x10.png 18w\" sizes=\"auto, (max-width: 1366px) 100vw, 1366px\" \/><span aria-hidden=\"true\" class=\"wp-block-cover__background has-background-dim-30 has-background-dim\" style=\"background-color:#e29016\"><\/span><div class=\"wp-block-cover__inner-container is-layout-flow wp-block-cover-is-layout-flow\">\n<div class=\"wp-block-columns is-layout-flex wp-container-core-columns-is-layout-8f761849 wp-block-columns-is-layout-flex\">\n<div class=\"wp-block-column has-white-color has-text-color has-link-color wp-elements-aa22cd67ce4e96445065fdf37af4f181 is-layout-flow wp-block-column-is-layout-flow\">\n<p class=\"has-text-align-left has-white-color has-text-color has-link-color has-medium-font-size wp-elements-31488aa44393b68d240388851b6fda5c wp-block-paragraph\"><strong>Quality<\/strong><\/p>\n\n\n\n<p class=\"has-text-align-left has-white-color has-text-color has-link-color has-medium-font-size wp-elements-5ca71006af6f02e4a35a7270880c4f03 wp-block-paragraph\">One of our standards within AIO is to guarantee a quality customer experience, which is why we have teams of auditors to ensure quality in all interactions with your customers.<br><\/p>\n<\/div>\n\n\n\n<div class=\"wp-block-column is-layout-flow wp-block-column-is-layout-flow\">\n<div style=\"height:100px\" aria-hidden=\"true\" class=\"wp-block-spacer\"><\/div>\n<\/div>\n\n\n\n<div class=\"wp-block-column is-layout-flow wp-block-column-is-layout-flow\">\n<p class=\"has-text-align-left has-white-color has-text-color has-link-color has-medium-font-size wp-elements-69671dfb9d306759bac97947a7a37763 wp-block-paragraph\"><strong>Pasion<\/strong><\/p>\n\n\n\n<p class=\"has-text-align-left has-white-color has-text-color has-link-color has-medium-font-size wp-elements-d76faeda0d1451de3ed606477864ddc3 wp-block-paragraph\">Few things attract clients more than seeing people who enjoy what they do, like us! We are passionate about our work and that is why we create and maintain extraordinary motivation with our collaborators.<br><\/p>\n<\/div>\n\n\n\n<div class=\"wp-block-column is-layout-flow wp-block-column-is-layout-flow\">\n<div style=\"height:111px\" aria-hidden=\"true\" class=\"wp-block-spacer\"><\/div>\n<\/div>\n\n\n\n<div class=\"wp-block-column is-layout-flow wp-block-column-is-layout-flow\">\n<p class=\"has-text-align-left has-white-color has-text-color has-link-color has-medium-font-size wp-elements-bc19fe0c27cd93f7f45f77dfc42464c0 wp-block-paragraph\"><strong>Customer<\/strong><\/p>\n\n\n\n<p class=\"has-text-align-left has-white-color has-text-color has-link-color has-medium-font-size wp-elements-ca736f9ae2eb6420df648e65a9726cdd wp-block-paragraph\">We are a pioneering company in custormer centric, we understand that the cost of attracting customers is currently high, which is why it is important to identify customers and focus development and marketing strategies on them.<br><\/p>\n<\/div>\n<\/div>\n<\/div><\/div>\n<\/div>\n<\/div>","protected":false},"excerpt":{"rendered":"","protected":false},"author":1,"featured_media":0,"parent":0,"menu_order":0,"comment_status":"closed","ping_status":"closed","template":"template-gutentor-full-width.php","meta":{"_crdt_document":"","footnotes":""},"class_list":["post-672","page","type-page","status-publish","hentry"],"yoast_head":"<!-- This site is optimized with the Yoast SEO plugin v27.4 - https:\/\/yoast.com\/product\/yoast-seo-wordpress\/ -->\n<title>Call center boutique especializado | AIO Contact AIO Contact<\/title>\n<meta name=\"description\" content=\"AIO Contact es un call center boutique B2B especializado que ofrece teleconcertaci\u00f3n, televenta, asegurando calidad y resultados efectivos.\" \/>\n<meta name=\"robots\" content=\"index, follow, max-snippet:-1, max-image-preview:large, max-video-preview:-1\" \/>\n<link rel=\"canonical\" href=\"https:\/\/aio-contact.com\/en\/aio-call-center-boutique\/\" \/>\n<meta property=\"og:locale\" content=\"en_GB\" \/>\n<meta property=\"og:type\" content=\"article\" \/>\n<meta property=\"og:title\" content=\"Call center boutique especializado | AIO Contact AIO Contact\" \/>\n<meta property=\"og:description\" content=\"AIO Contact es un call center boutique B2B especializado que ofrece teleconcertaci\u00f3n, televenta, asegurando calidad y resultados efectivos.\" \/>\n<meta property=\"og:url\" content=\"https:\/\/aio-contact.com\/en\/aio-call-center-boutique\/\" \/>\n<meta property=\"og:site_name\" content=\"AIO Contact\" \/>\n<meta property=\"article:modified_time\" content=\"2025-02-04T14:50:24+00:00\" \/>\n<meta property=\"og:image\" content=\"https:\/\/aio-contact.com\/wp-content\/uploads\/2024\/09\/AIO.Sitioweb-1.png\" \/>\n\t<meta property=\"og:image:width\" content=\"1366\" \/>\n\t<meta property=\"og:image:height\" content=\"768\" \/>\n\t<meta property=\"og:image:type\" content=\"image\/png\" \/>\n<meta name=\"twitter:card\" content=\"summary_large_image\" \/>\n<meta name=\"twitter:label1\" content=\"Estimated reading time\" \/>\n\t<meta name=\"twitter:data1\" content=\"3 minutes\" \/>\n<script type=\"application\/ld+json\" class=\"yoast-schema-graph\">{\"@context\":\"https:\\\/\\\/schema.org\",\"@graph\":[{\"@type\":\"WebPage\",\"@id\":\"https:\\\/\\\/aio-contact.com\\\/aio-call-center-boutique\\\/\",\"url\":\"https:\\\/\\\/aio-contact.com\\\/aio-call-center-boutique\\\/\",\"name\":\"Call center boutique especializado | AIO Contact AIO Contact\",\"isPartOf\":{\"@id\":\"https:\\\/\\\/aio-contact.com\\\/#website\"},\"primaryImageOfPage\":{\"@id\":\"https:\\\/\\\/aio-contact.com\\\/aio-call-center-boutique\\\/#primaryimage\"},\"image\":{\"@id\":\"https:\\\/\\\/aio-contact.com\\\/aio-call-center-boutique\\\/#primaryimage\"},\"thumbnailUrl\":\"https:\\\/\\\/aio-contact.com\\\/wp-content\\\/uploads\\\/2024\\\/09\\\/AIO.Sitioweb-1.png\",\"datePublished\":\"2024-09-22T02:00:09+00:00\",\"dateModified\":\"2025-02-04T14:50:24+00:00\",\"description\":\"AIO Contact es un call center boutique B2B especializado que ofrece teleconcertaci\u00f3n, televenta, asegurando calidad y resultados efectivos.\",\"breadcrumb\":{\"@id\":\"https:\\\/\\\/aio-contact.com\\\/aio-call-center-boutique\\\/#breadcrumb\"},\"inLanguage\":\"en-GB\",\"potentialAction\":[{\"@type\":\"ReadAction\",\"target\":[\"https:\\\/\\\/aio-contact.com\\\/aio-call-center-boutique\\\/\"]}]},{\"@type\":\"ImageObject\",\"inLanguage\":\"en-GB\",\"@id\":\"https:\\\/\\\/aio-contact.com\\\/aio-call-center-boutique\\\/#primaryimage\",\"url\":\"https:\\\/\\\/aio-contact.com\\\/wp-content\\\/uploads\\\/2024\\\/09\\\/AIO.Sitioweb-1.png\",\"contentUrl\":\"https:\\\/\\\/aio-contact.com\\\/wp-content\\\/uploads\\\/2024\\\/09\\\/AIO.Sitioweb-1.png\"},{\"@type\":\"BreadcrumbList\",\"@id\":\"https:\\\/\\\/aio-contact.com\\\/aio-call-center-boutique\\\/#breadcrumb\",\"itemListElement\":[{\"@type\":\"ListItem\",\"position\":1,\"name\":\"Portada\",\"item\":\"https:\\\/\\\/aio-contact.com\\\/\"},{\"@type\":\"ListItem\",\"position\":2,\"name\":\"Quienes-somos\"}]},{\"@type\":\"WebSite\",\"@id\":\"https:\\\/\\\/aio-contact.com\\\/#website\",\"url\":\"https:\\\/\\\/aio-contact.com\\\/\",\"name\":\"AIO Contact\",\"description\":\"Call Center B2B\",\"publisher\":{\"@id\":\"https:\\\/\\\/aio-contact.com\\\/#organization\"},\"potentialAction\":[{\"@type\":\"SearchAction\",\"target\":{\"@type\":\"EntryPoint\",\"urlTemplate\":\"https:\\\/\\\/aio-contact.com\\\/?s={search_term_string}\"},\"query-input\":{\"@type\":\"PropertyValueSpecification\",\"valueRequired\":true,\"valueName\":\"search_term_string\"}}],\"inLanguage\":\"en-GB\"},{\"@type\":\"Organization\",\"@id\":\"https:\\\/\\\/aio-contact.com\\\/#organization\",\"name\":\"AIO Contact\",\"alternateName\":\"Call Center B2B\",\"url\":\"https:\\\/\\\/aio-contact.com\\\/\",\"logo\":{\"@type\":\"ImageObject\",\"inLanguage\":\"en-GB\",\"@id\":\"https:\\\/\\\/aio-contact.com\\\/#\\\/schema\\\/logo\\\/image\\\/\",\"url\":\"https:\\\/\\\/aio-contact.com\\\/wp-content\\\/uploads\\\/2024\\\/10\\\/Logo-contact-OK-01.png\",\"contentUrl\":\"https:\\\/\\\/aio-contact.com\\\/wp-content\\\/uploads\\\/2024\\\/10\\\/Logo-contact-OK-01.png\",\"width\":2133,\"height\":2133,\"caption\":\"AIO Contact\"},\"image\":{\"@id\":\"https:\\\/\\\/aio-contact.com\\\/#\\\/schema\\\/logo\\\/image\\\/\"},\"sameAs\":[\"https:\\\/\\\/www.linkedin.com\\\/company\\\/aio-contact\"]}]}<\/script>\n<!-- \/ Yoast SEO plugin. -->","yoast_head_json":{"title":"Call center boutique especializado | AIO Contact AIO Contact","description":"AIO Contact es un call center boutique B2B especializado que ofrece teleconcertaci\u00f3n, televenta, asegurando calidad y resultados efectivos.","robots":{"index":"index","follow":"follow","max-snippet":"max-snippet:-1","max-image-preview":"max-image-preview:large","max-video-preview":"max-video-preview:-1"},"canonical":"https:\/\/aio-contact.com\/en\/aio-call-center-boutique\/","og_locale":"en_GB","og_type":"article","og_title":"Call center boutique especializado | AIO Contact AIO Contact","og_description":"AIO Contact es un call center boutique B2B especializado que ofrece teleconcertaci\u00f3n, televenta, asegurando calidad y resultados efectivos.","og_url":"https:\/\/aio-contact.com\/en\/aio-call-center-boutique\/","og_site_name":"AIO Contact","article_modified_time":"2025-02-04T14:50:24+00:00","og_image":[{"width":1366,"height":768,"url":"https:\/\/aio-contact.com\/wp-content\/uploads\/2024\/09\/AIO.Sitioweb-1.png","type":"image\/png"}],"twitter_card":"summary_large_image","twitter_misc":{"Estimated reading time":"3 minutes"},"schema":{"@context":"https:\/\/schema.org","@graph":[{"@type":"WebPage","@id":"https:\/\/aio-contact.com\/aio-call-center-boutique\/","url":"https:\/\/aio-contact.com\/aio-call-center-boutique\/","name":"Call center boutique especializado | AIO Contact AIO Contact","isPartOf":{"@id":"https:\/\/aio-contact.com\/#website"},"primaryImageOfPage":{"@id":"https:\/\/aio-contact.com\/aio-call-center-boutique\/#primaryimage"},"image":{"@id":"https:\/\/aio-contact.com\/aio-call-center-boutique\/#primaryimage"},"thumbnailUrl":"https:\/\/aio-contact.com\/wp-content\/uploads\/2024\/09\/AIO.Sitioweb-1.png","datePublished":"2024-09-22T02:00:09+00:00","dateModified":"2025-02-04T14:50:24+00:00","description":"AIO Contact es un call center boutique B2B especializado que ofrece teleconcertaci\u00f3n, televenta, asegurando calidad y resultados efectivos.","breadcrumb":{"@id":"https:\/\/aio-contact.com\/aio-call-center-boutique\/#breadcrumb"},"inLanguage":"en-GB","potentialAction":[{"@type":"ReadAction","target":["https:\/\/aio-contact.com\/aio-call-center-boutique\/"]}]},{"@type":"ImageObject","inLanguage":"en-GB","@id":"https:\/\/aio-contact.com\/aio-call-center-boutique\/#primaryimage","url":"https:\/\/aio-contact.com\/wp-content\/uploads\/2024\/09\/AIO.Sitioweb-1.png","contentUrl":"https:\/\/aio-contact.com\/wp-content\/uploads\/2024\/09\/AIO.Sitioweb-1.png"},{"@type":"BreadcrumbList","@id":"https:\/\/aio-contact.com\/aio-call-center-boutique\/#breadcrumb","itemListElement":[{"@type":"ListItem","position":1,"name":"Portada","item":"https:\/\/aio-contact.com\/"},{"@type":"ListItem","position":2,"name":"Quienes-somos"}]},{"@type":"WebSite","@id":"https:\/\/aio-contact.com\/#website","url":"https:\/\/aio-contact.com\/","name":"AIO Contact","description":"Call Center B2B","publisher":{"@id":"https:\/\/aio-contact.com\/#organization"},"potentialAction":[{"@type":"SearchAction","target":{"@type":"EntryPoint","urlTemplate":"https:\/\/aio-contact.com\/?s={search_term_string}"},"query-input":{"@type":"PropertyValueSpecification","valueRequired":true,"valueName":"search_term_string"}}],"inLanguage":"en-GB"},{"@type":"Organization","@id":"https:\/\/aio-contact.com\/#organization","name":"AIO Contact","alternateName":"Call Center B2B","url":"https:\/\/aio-contact.com\/","logo":{"@type":"ImageObject","inLanguage":"en-GB","@id":"https:\/\/aio-contact.com\/#\/schema\/logo\/image\/","url":"https:\/\/aio-contact.com\/wp-content\/uploads\/2024\/10\/Logo-contact-OK-01.png","contentUrl":"https:\/\/aio-contact.com\/wp-content\/uploads\/2024\/10\/Logo-contact-OK-01.png","width":2133,"height":2133,"caption":"AIO Contact"},"image":{"@id":"https:\/\/aio-contact.com\/#\/schema\/logo\/image\/"},"sameAs":["https:\/\/www.linkedin.com\/company\/aio-contact"]}]}},"_links":{"self":[{"href":"https:\/\/aio-contact.com\/en\/wp-json\/wp\/v2\/pages\/672","targetHints":{"allow":["GET"]}}],"collection":[{"href":"https:\/\/aio-contact.com\/en\/wp-json\/wp\/v2\/pages"}],"about":[{"href":"https:\/\/aio-contact.com\/en\/wp-json\/wp\/v2\/types\/page"}],"author":[{"embeddable":true,"href":"https:\/\/aio-contact.com\/en\/wp-json\/wp\/v2\/users\/1"}],"replies":[{"embeddable":true,"href":"https:\/\/aio-contact.com\/en\/wp-json\/wp\/v2\/comments?post=672"}],"version-history":[{"count":30,"href":"https:\/\/aio-contact.com\/en\/wp-json\/wp\/v2\/pages\/672\/revisions"}],"predecessor-version":[{"id":1032,"href":"https:\/\/aio-contact.com\/en\/wp-json\/wp\/v2\/pages\/672\/revisions\/1032"}],"wp:attachment":[{"href":"https:\/\/aio-contact.com\/en\/wp-json\/wp\/v2\/media?parent=672"}],"curies":[{"name":"wp","href":"https:\/\/api.w.org\/{rel}","templated":true}]}}