{"id":853,"date":"2024-10-22T21:50:39","date_gmt":"2024-10-22T19:50:39","guid":{"rendered":"https:\/\/aio-contact.com\/?page_id=853"},"modified":"2024-10-25T15:57:04","modified_gmt":"2024-10-25T13:57:04","slug":"blog","status":"publish","type":"page","link":"https:\/\/aio-contact.com\/en\/blog\/","title":{"rendered":"Blog"},"content":{"rendered":"<section class=\"gutentor-section gutentor-blog-post-wrapper blog-template1 alignfull wp-block-gutentor-blog-post  has-color-bg has-custom-bg\" id=\"section-fc677772-702a-41f1-a795-a497574439e0\">\n<div class='grid-container'><div class=\"gutentor-block-header\"><div class=\"gutentor-section-title  seperator-bottom text-center\">\n<h2 class=\"gutentor-title\">\nNEWS<\/h2>\n<\/div>\n<\/div><div class='gutentor-grid-item-wrap'><div class='grid-row'><article class='gutentor-post-has-thumb  grid-md-4 grid-sm-4 grid-xs-12 blog-grid'><div class=\"gutentor-single-item\"><div class=\"gutentor-single-item-image-box\"><div class=\"gutentor-image-thumb\"><img loading=\"lazy\" decoding=\"async\" width=\"703\" height=\"631\" src=\"https:\/\/aio-contact.com\/wp-content\/uploads\/2025\/02\/1739872516527.jpg\" class=\"attachment- size- wp-post-image\" alt=\"\" \/><\/div><\/div><div class=\"gutentor-post-content\"><h3 class=\"gutentor-single-item-title\"><a href=\"https:\/\/aio-contact.com\/en\/miedo\/\" rel=\"bookmark\">Miedo<\/a><\/h3><div class=\"entry-meta\"><\/div><div class=\"gutentor-post-excerpt gutentor-single-item-desc\"><p class='gutentor-single-item-desc'>Una de las cosas que caracteriza a los emprendedores es que carecen del mecanismo b\u00e1sico para la sup&hellip;<\/p><\/div><a class=\"gutentor-button gutentor-single-item-button gutentor-icon-hide\" href=\"https:\/\/aio-contact.com\/en\/miedo\/\" rel=\"noopener noreferrer\"><i class=\"gutentor-button-icon fas fa-book\"><\/i><span>Read More<\/span><\/a><\/div><\/div><\/article><article class='gutentor-post-has-thumb  grid-md-4 grid-sm-4 grid-xs-12 blog-grid'><div class=\"gutentor-single-item\"><div class=\"gutentor-single-item-image-box\"><div class=\"gutentor-image-thumb\"><img loading=\"lazy\" decoding=\"async\" width=\"916\" height=\"1200\" src=\"https:\/\/aio-contact.com\/wp-content\/uploads\/2025\/02\/LinkedInPost-5.png\" class=\"attachment- size- wp-post-image\" alt=\"T\u00e9cnicas de sondeo para rebatir las objeciones\" \/><\/div><\/div><div class=\"gutentor-post-content\"><h3 class=\"gutentor-single-item-title\"><a href=\"https:\/\/aio-contact.com\/en\/abrumado-por-las-objeciones\/\" rel=\"bookmark\">\u00bf\u00a1ABRUMADO POR LAS OBJECIONES!?<\/a><\/h3><div class=\"entry-meta\"><\/div><div class=\"gutentor-post-excerpt gutentor-single-item-desc\"><p class='gutentor-single-item-desc'>Lo normal es que en una llamada telef\u00f3nica, despu\u00e9s de ofrecer el producto o servicio el cliente te &hellip;<\/p><\/div><a class=\"gutentor-button gutentor-single-item-button gutentor-icon-hide\" href=\"https:\/\/aio-contact.com\/en\/abrumado-por-las-objeciones\/\" rel=\"noopener noreferrer\"><i class=\"gutentor-button-icon fas fa-book\"><\/i><span>Read More<\/span><\/a><\/div><\/div><\/article><article class='gutentor-post-has-thumb  grid-md-4 grid-sm-4 grid-xs-12 blog-grid'><div class=\"gutentor-single-item\"><div class=\"gutentor-single-item-image-box\"><div class=\"gutentor-image-thumb\"><img loading=\"lazy\" decoding=\"async\" width=\"800\" height=\"836\" src=\"https:\/\/aio-contact.com\/wp-content\/uploads\/2025\/02\/1738668030133.jpeg\" class=\"attachment- size- wp-post-image\" alt=\"\u00bfVender qu\u00e9 es? es identificar las necesidades de tu cliente, elegir las soluciones correctas\" \/><\/div><\/div><div class=\"gutentor-post-content\"><h3 class=\"gutentor-single-item-title\"><a href=\"https:\/\/aio-contact.com\/en\/cerrar-una-venta\/\" rel=\"bookmark\">Close a sale<\/a><\/h3><div class=\"entry-meta\"><\/div><div class=\"gutentor-post-excerpt gutentor-single-item-desc\"><p class='gutentor-single-item-desc'>Este es uno de los puntos donde el vendedor tiene m\u00e1s problemas. Si has trabajado como vendedor o ve&hellip;<\/p><\/div><a class=\"gutentor-button gutentor-single-item-button gutentor-icon-hide\" href=\"https:\/\/aio-contact.com\/en\/cerrar-una-venta\/\" rel=\"noopener noreferrer\"><i class=\"gutentor-button-icon fas fa-book\"><\/i><span>Read More<\/span><\/a><\/div><\/div><\/article><article class='gutentor-post-has-thumb  grid-md-4 grid-sm-4 grid-xs-12 blog-grid'><div class=\"gutentor-single-item\"><div class=\"gutentor-single-item-image-box\"><div class=\"gutentor-image-thumb\"><img loading=\"lazy\" decoding=\"async\" width=\"800\" height=\"800\" src=\"https:\/\/aio-contact.com\/wp-content\/uploads\/2025\/02\/1738054803334.jpeg\" class=\"attachment- size- wp-post-image\" alt=\"Llamar en fr\u00edo a una empresa o a un particular es llamar a alguien que no espera tu llamada, que no ha pedido informaci\u00f3n de nada y tratar de entablar una conversaci\u00f3n con el fin de persuadirlo para comprar un producto o servicio.\" \/><\/div><\/div><div class=\"gutentor-post-content\"><h3 class=\"gutentor-single-item-title\"><a href=\"https:\/\/aio-contact.com\/en\/llamadas-telefonicas-en-frio\/\" rel=\"bookmark\">COLD PHONE CALLS<\/a><\/h3><div class=\"entry-meta\"><\/div><div class=\"gutentor-post-excerpt gutentor-single-item-desc\"><p class='gutentor-single-item-desc'>Mis chicas que prospectan a empresas en frio en  son unas CRAKS!! alguna vez he posteado que se nece&hellip;<\/p><\/div><a class=\"gutentor-button gutentor-single-item-button gutentor-icon-hide\" href=\"https:\/\/aio-contact.com\/en\/llamadas-telefonicas-en-frio\/\" rel=\"noopener noreferrer\"><i class=\"gutentor-button-icon fas fa-book\"><\/i><span>Read More<\/span><\/a><\/div><\/div><\/article><article class='gutentor-post-has-thumb  grid-md-4 grid-sm-4 grid-xs-12 blog-grid'><div class=\"gutentor-single-item\"><div class=\"gutentor-single-item-image-box\"><div class=\"gutentor-image-thumb\"><img loading=\"lazy\" decoding=\"async\" width=\"1080\" height=\"1080\" src=\"https:\/\/aio-contact.com\/wp-content\/uploads\/2025\/02\/ReelVictoriaComerciales.png\" class=\"attachment- size- wp-post-image\" alt=\"\" \/><\/div><\/div><div class=\"gutentor-post-content\"><h3 class=\"gutentor-single-item-title\"><a href=\"https:\/\/aio-contact.com\/en\/tips-de-entrenamiento-para-vendedores\/\" rel=\"bookmark\">TRAINING TIPS FOR SELLERS<\/a><\/h3><div class=\"entry-meta\"><\/div><div class=\"gutentor-post-excerpt gutentor-single-item-desc\"><p class='gutentor-single-item-desc'>Os comparto varios consejos para mejorar vuestras competencias comerciales: mirar video.1 &#8211; Usa tu t&hellip;<\/p><\/div><a class=\"gutentor-button gutentor-single-item-button gutentor-icon-hide\" href=\"https:\/\/aio-contact.com\/en\/tips-de-entrenamiento-para-vendedores\/\" rel=\"noopener noreferrer\"><i class=\"gutentor-button-icon fas fa-book\"><\/i><span>Read More<\/span><\/a><\/div><\/div><\/article><article class='gutentor-post-has-thumb  grid-md-4 grid-sm-4 grid-xs-12 blog-grid'><div class=\"gutentor-single-item\"><div class=\"gutentor-single-item-image-box\"><div class=\"gutentor-image-thumb\"><img loading=\"lazy\" decoding=\"async\" width=\"800\" height=\"600\" src=\"https:\/\/aio-contact.com\/wp-content\/uploads\/2025\/02\/1737102816340.jpeg\" class=\"attachment- size- wp-post-image\" alt=\"El compromiso es entregarte al 100% a algo\" \/><\/div><\/div><div class=\"gutentor-post-content\"><h3 class=\"gutentor-single-item-title\"><a href=\"https:\/\/aio-contact.com\/en\/compromisos-de-un-vendedor\/\" rel=\"bookmark\">Commitments of a seller<\/a><\/h3><div class=\"entry-meta\"><\/div><div class=\"gutentor-post-excerpt gutentor-single-item-desc\"><p class='gutentor-single-item-desc'>El compromiso es entregarte al 100% a algoUna de las grandes verdades de nuestro tiempo es que hay f&hellip;<\/p><\/div><a class=\"gutentor-button gutentor-single-item-button gutentor-icon-hide\" href=\"https:\/\/aio-contact.com\/en\/compromisos-de-un-vendedor\/\" rel=\"noopener noreferrer\"><i class=\"gutentor-button-icon fas fa-book\"><\/i><span>Read More<\/span><\/a><\/div><\/div><\/article><\/div><\/div><\/div><\/section>","protected":false},"excerpt":{"rendered":"","protected":false},"author":1,"featured_media":0,"parent":0,"menu_order":0,"comment_status":"closed","ping_status":"closed","template":"template-gutentor-full-width.php","meta":{"_crdt_document":"","footnotes":""},"class_list":["post-853","page","type-page","status-publish","hentry"],"yoast_head":"<!-- This site is optimized with the Yoast SEO plugin v27.4 - https:\/\/yoast.com\/product\/yoast-seo-wordpress\/ -->\n<title>Blog | AIO Contact<\/title>\n<meta name=\"description\" content=\"AIO Contact es un call center B2B especializado en teleconcertaci\u00f3n, televenta y captaci\u00f3n de leads cualificados para optimizar tus ventas.\" \/>\n<meta name=\"robots\" content=\"index, follow, max-snippet:-1, max-image-preview:large, max-video-preview:-1\" \/>\n<link rel=\"canonical\" href=\"https:\/\/aio-contact.com\/en\/blog\/\" \/>\n<meta property=\"og:locale\" content=\"en_GB\" \/>\n<meta property=\"og:type\" content=\"article\" \/>\n<meta property=\"og:title\" content=\"Blog | AIO Contact\" \/>\n<meta property=\"og:description\" content=\"AIO Contact es un call center B2B especializado en teleconcertaci\u00f3n, televenta y captaci\u00f3n de leads cualificados para optimizar tus ventas.\" \/>\n<meta property=\"og:url\" content=\"https:\/\/aio-contact.com\/en\/blog\/\" \/>\n<meta property=\"og:site_name\" content=\"AIO Contact\" \/>\n<meta property=\"article:modified_time\" content=\"2024-10-25T13:57:04+00:00\" \/>\n<meta property=\"og:image\" content=\"https:\/\/aio-contact.com\/wp-content\/uploads\/2024\/10\/Logo-contact-OK-01.png\" \/>\n\t<meta property=\"og:image:width\" content=\"2133\" \/>\n\t<meta property=\"og:image:height\" content=\"2133\" \/>\n\t<meta property=\"og:image:type\" content=\"image\/png\" \/>\n<meta name=\"twitter:card\" content=\"summary_large_image\" \/>\n<script type=\"application\/ld+json\" class=\"yoast-schema-graph\">{\"@context\":\"https:\\\/\\\/schema.org\",\"@graph\":[{\"@type\":\"WebPage\",\"@id\":\"https:\\\/\\\/aio-contact.com\\\/blog\\\/\",\"url\":\"https:\\\/\\\/aio-contact.com\\\/blog\\\/\",\"name\":\"Blog | AIO Contact\",\"isPartOf\":{\"@id\":\"https:\\\/\\\/aio-contact.com\\\/#website\"},\"datePublished\":\"2024-10-22T19:50:39+00:00\",\"dateModified\":\"2024-10-25T13:57:04+00:00\",\"description\":\"AIO Contact es un call center B2B especializado en teleconcertaci\u00f3n, televenta y captaci\u00f3n de leads cualificados para optimizar tus ventas.\",\"breadcrumb\":{\"@id\":\"https:\\\/\\\/aio-contact.com\\\/blog\\\/#breadcrumb\"},\"inLanguage\":\"en-GB\",\"potentialAction\":[{\"@type\":\"ReadAction\",\"target\":[\"https:\\\/\\\/aio-contact.com\\\/blog\\\/\"]}]},{\"@type\":\"BreadcrumbList\",\"@id\":\"https:\\\/\\\/aio-contact.com\\\/blog\\\/#breadcrumb\",\"itemListElement\":[{\"@type\":\"ListItem\",\"position\":1,\"name\":\"Portada\",\"item\":\"https:\\\/\\\/aio-contact.com\\\/\"},{\"@type\":\"ListItem\",\"position\":2,\"name\":\"Blog\"}]},{\"@type\":\"WebSite\",\"@id\":\"https:\\\/\\\/aio-contact.com\\\/#website\",\"url\":\"https:\\\/\\\/aio-contact.com\\\/\",\"name\":\"AIO Contact\",\"description\":\"Call Center B2B\",\"publisher\":{\"@id\":\"https:\\\/\\\/aio-contact.com\\\/#organization\"},\"potentialAction\":[{\"@type\":\"SearchAction\",\"target\":{\"@type\":\"EntryPoint\",\"urlTemplate\":\"https:\\\/\\\/aio-contact.com\\\/?s={search_term_string}\"},\"query-input\":{\"@type\":\"PropertyValueSpecification\",\"valueRequired\":true,\"valueName\":\"search_term_string\"}}],\"inLanguage\":\"en-GB\"},{\"@type\":\"Organization\",\"@id\":\"https:\\\/\\\/aio-contact.com\\\/#organization\",\"name\":\"AIO Contact\",\"alternateName\":\"Call Center B2B\",\"url\":\"https:\\\/\\\/aio-contact.com\\\/\",\"logo\":{\"@type\":\"ImageObject\",\"inLanguage\":\"en-GB\",\"@id\":\"https:\\\/\\\/aio-contact.com\\\/#\\\/schema\\\/logo\\\/image\\\/\",\"url\":\"https:\\\/\\\/aio-contact.com\\\/wp-content\\\/uploads\\\/2024\\\/10\\\/Logo-contact-OK-01.png\",\"contentUrl\":\"https:\\\/\\\/aio-contact.com\\\/wp-content\\\/uploads\\\/2024\\\/10\\\/Logo-contact-OK-01.png\",\"width\":2133,\"height\":2133,\"caption\":\"AIO Contact\"},\"image\":{\"@id\":\"https:\\\/\\\/aio-contact.com\\\/#\\\/schema\\\/logo\\\/image\\\/\"},\"sameAs\":[\"https:\\\/\\\/www.linkedin.com\\\/company\\\/aio-contact\"]}]}<\/script>\n<!-- \/ Yoast SEO plugin. -->","yoast_head_json":{"title":"Blog | AIO Contact","description":"AIO Contact es un call center B2B especializado en teleconcertaci\u00f3n, televenta y captaci\u00f3n de leads cualificados para optimizar tus ventas.","robots":{"index":"index","follow":"follow","max-snippet":"max-snippet:-1","max-image-preview":"max-image-preview:large","max-video-preview":"max-video-preview:-1"},"canonical":"https:\/\/aio-contact.com\/en\/blog\/","og_locale":"en_GB","og_type":"article","og_title":"Blog | AIO Contact","og_description":"AIO Contact es un call center B2B especializado en teleconcertaci\u00f3n, televenta y captaci\u00f3n de leads cualificados para optimizar tus ventas.","og_url":"https:\/\/aio-contact.com\/en\/blog\/","og_site_name":"AIO Contact","article_modified_time":"2024-10-25T13:57:04+00:00","og_image":[{"width":2133,"height":2133,"url":"https:\/\/aio-contact.com\/wp-content\/uploads\/2024\/10\/Logo-contact-OK-01.png","type":"image\/png"}],"twitter_card":"summary_large_image","schema":{"@context":"https:\/\/schema.org","@graph":[{"@type":"WebPage","@id":"https:\/\/aio-contact.com\/blog\/","url":"https:\/\/aio-contact.com\/blog\/","name":"Blog | AIO Contact","isPartOf":{"@id":"https:\/\/aio-contact.com\/#website"},"datePublished":"2024-10-22T19:50:39+00:00","dateModified":"2024-10-25T13:57:04+00:00","description":"AIO Contact es un call center B2B especializado en teleconcertaci\u00f3n, televenta y captaci\u00f3n de leads cualificados para optimizar tus ventas.","breadcrumb":{"@id":"https:\/\/aio-contact.com\/blog\/#breadcrumb"},"inLanguage":"en-GB","potentialAction":[{"@type":"ReadAction","target":["https:\/\/aio-contact.com\/blog\/"]}]},{"@type":"BreadcrumbList","@id":"https:\/\/aio-contact.com\/blog\/#breadcrumb","itemListElement":[{"@type":"ListItem","position":1,"name":"Portada","item":"https:\/\/aio-contact.com\/"},{"@type":"ListItem","position":2,"name":"Blog"}]},{"@type":"WebSite","@id":"https:\/\/aio-contact.com\/#website","url":"https:\/\/aio-contact.com\/","name":"AIO Contact","description":"Call Center B2B","publisher":{"@id":"https:\/\/aio-contact.com\/#organization"},"potentialAction":[{"@type":"SearchAction","target":{"@type":"EntryPoint","urlTemplate":"https:\/\/aio-contact.com\/?s={search_term_string}"},"query-input":{"@type":"PropertyValueSpecification","valueRequired":true,"valueName":"search_term_string"}}],"inLanguage":"en-GB"},{"@type":"Organization","@id":"https:\/\/aio-contact.com\/#organization","name":"AIO Contact","alternateName":"Call Center B2B","url":"https:\/\/aio-contact.com\/","logo":{"@type":"ImageObject","inLanguage":"en-GB","@id":"https:\/\/aio-contact.com\/#\/schema\/logo\/image\/","url":"https:\/\/aio-contact.com\/wp-content\/uploads\/2024\/10\/Logo-contact-OK-01.png","contentUrl":"https:\/\/aio-contact.com\/wp-content\/uploads\/2024\/10\/Logo-contact-OK-01.png","width":2133,"height":2133,"caption":"AIO Contact"},"image":{"@id":"https:\/\/aio-contact.com\/#\/schema\/logo\/image\/"},"sameAs":["https:\/\/www.linkedin.com\/company\/aio-contact"]}]}},"_links":{"self":[{"href":"https:\/\/aio-contact.com\/en\/wp-json\/wp\/v2\/pages\/853","targetHints":{"allow":["GET"]}}],"collection":[{"href":"https:\/\/aio-contact.com\/en\/wp-json\/wp\/v2\/pages"}],"about":[{"href":"https:\/\/aio-contact.com\/en\/wp-json\/wp\/v2\/types\/page"}],"author":[{"embeddable":true,"href":"https:\/\/aio-contact.com\/en\/wp-json\/wp\/v2\/users\/1"}],"replies":[{"embeddable":true,"href":"https:\/\/aio-contact.com\/en\/wp-json\/wp\/v2\/comments?post=853"}],"version-history":[{"count":9,"href":"https:\/\/aio-contact.com\/en\/wp-json\/wp\/v2\/pages\/853\/revisions"}],"predecessor-version":[{"id":872,"href":"https:\/\/aio-contact.com\/en\/wp-json\/wp\/v2\/pages\/853\/revisions\/872"}],"wp:attachment":[{"href":"https:\/\/aio-contact.com\/en\/wp-json\/wp\/v2\/media?parent=853"}],"curies":[{"name":"wp","href":"https:\/\/api.w.org\/{rel}","templated":true}]}}