{"id":998,"date":"2025-01-07T00:31:47","date_gmt":"2025-01-06T22:31:47","guid":{"rendered":"https:\/\/aio-contact.com\/?page_id=998"},"modified":"2025-02-13T19:48:51","modified_gmt":"2025-02-13T17:48:51","slug":"aio-teleconcertacion","status":"publish","type":"page","link":"https:\/\/aio-contact.com\/en\/aio-teleconcertacion\/","title":{"rendered":"Teleconcertation"},"content":{"rendered":"<section id=\"gmd8d9646\" class=\"wp-block-gutentor-m4 section-gmd8d9646 gutentor-module gutentor-advanced-columns\"><div class=\"grid-container\"><div class=\"grid-row\">\n<div id=\"col-gm88c921\" class=\"wp-block-gutentor-m4-col col-gm88c921 gutentor-single-column  grid-lg-6 grid-md-12 grid-12\"><div id=\"section-gm88c921\" class=\"section-gm88c921 gutentor-col-wrap\">\n<div id=\"section-ge93015\" class=\"wp-block-gutentor-e6 section-ge93015 gutentor-element gutentor-element-image wow fadeIn\" data-wow-animation=\"fadeIn\"><div class=\"gutentor-element-image-box\"><div class=\"gutentor-image-thumb\"><img decoding=\"async\" class=\"normal-image\" src=\"https:\/\/aio-contact.com\/wp-content\/uploads\/2025\/01\/A-sleek-modern-call-center-with-agents-in-a-calm-personalized-interaction-with-customers-emphasizing-warmth-and-empathy.-2.webp\" alt=\"Teleconcertacion para empresas B2B\" \/><\/div><\/div><\/div>\n\n\n\n<p class=\"wp-block-paragraph\"><\/p>\n<\/div><\/div>\n\n\n\n<div id=\"col-gmce209e\" class=\"wp-block-gutentor-m4-col col-gmce209e gutentor-single-column  grid-lg-6 grid-md-12 grid-12 wow slideInUp\" data-wow-animation=\"slideInUp\" data-wow-iteration=\"1\"><div id=\"section-gmce209e\" class=\"section-gmce209e gutentor-col-wrap\">\n<div id=\"section-g2c6c0c\" class=\"wp-block-gutentor-e0 section-g2c6c0c gutentor-element gutentor-element-advanced-text\"><div class=\"gutentor-text-wrap\"><h3 class=\"gutentor-text\">Expertos en teleconcertaci\u00f3n para empresas B2B<\/h3><\/div><\/div>\n\n\n\n<div id=\"section-gf2d41a\" class=\"wp-block-gutentor-e0 section-gf2d41a gutentor-element gutentor-element-advanced-text\"><div class=\"gutentor-text-wrap\"><p class=\"gutentor-text\">El acceso directo a los tomadores de decisiones puede marcar la diferencia en una venta. Por ello, somos expertos en teleconcertaci\u00f3n, ayud\u00e1ndote a establecer reuniones clave con los contactos estrat\u00e9gicos que m\u00e1s importan para tu negocio. Creamos oportunidades reales de negocio y gestionamos cada etapa del contacto para asegurarnos de que inicies con el pie derecho.<\/p><\/div><\/div>\n\n\n\n<section id=\"gm81066b2\" class=\"wp-block-gutentor-m2 section-gm81066b2 gutentor-module gutentor-dynamic-columns\"><div class=\"grid-container gutentor-rm-ct-space\"><div class=\"grid-row\">\n<div id=\"col-gm35f035\" class=\"wp-block-gutentor-m2-col col-gm35f035 gutentor-module gutentor-dynamic-single-column wow slideInUp grid-lg-6 grid-md-6 grid-12\" data-wow-animation=\"slideInUp\" data-wow-delay=\"0.1s\" data-wow-duration=\"1s\" data-wow-iteration=\"1\"><div id=\"section-gm35f035\" class=\"section-gm35f035 gutentor-single-col\">\n<div id=\"section-gdb3dca\" class=\"wp-block-gutentor-e0 section-gdb3dca gutentor-element gutentor-element-advanced-text\"><div class=\"gutentor-text-wrap\"><h3 class=\"gutentor-text\">Misi\u00f3n<\/h3><\/div><\/div>\n\n\n\n<div id=\"section-g5dfae4\" class=\"wp-block-gutentor-e0 section-g5dfae4 gutentor-element gutentor-element-advanced-text\"><div class=\"gutentor-text-wrap\"><p class=\"gutentor-text\">Orientado a crear relaciones significativas y facilitar un crecimiento sostenible para nuestros clientes.<\/p><\/div><\/div>\n<\/div><\/div>\n\n\n\n<div id=\"col-gmde33b2\" class=\"wp-block-gutentor-m2-col col-gmde33b2 gutentor-module gutentor-dynamic-single-column wow slideInUp grid-lg-6 grid-md-6 grid-12\" data-wow-animation=\"slideInUp\" data-wow-delay=\"0.2s\" data-wow-duration=\"1s\" data-wow-iteration=\"1\"><div id=\"section-gmde33b2\" class=\"section-gmde33b2 gutentor-single-col\">\n<div id=\"section-g355413\" class=\"wp-block-gutentor-e0 section-g355413 gutentor-element gutentor-element-advanced-text\"><div class=\"gutentor-text-wrap\"><h3 class=\"gutentor-text\">Vision<\/h3><\/div><\/div>\n\n\n\n<div id=\"section-g2b484c\" class=\"wp-block-gutentor-e0 section-g2b484c gutentor-element gutentor-element-advanced-text\"><div class=\"gutentor-text-wrap\"><p class=\"gutentor-text\">Aspiramos a redefinir la industria mediante la innovaci\u00f3n, la transparencia y la construcci\u00f3n de relaciones duraderas que impulsen el \u00e9xito empresarial.<\/p><\/div><\/div>\n<\/div><\/div>\n<\/div><\/div><\/section>\n<\/div><\/div>\n<\/div><\/div><\/section>\n\n\n\n<p class=\"wp-block-paragraph\"><\/p>\n\n\n\n<section id=\"gm43e6ed7\" class=\"wp-block-gutentor-m2 section-gm43e6ed7 gutentor-module gutentor-dynamic-columns has-image-bg has-custom-bg has-gutentor-overlay has-gutentor-block-shape-top has-gutentor-block-shape-bottom gutentor-tshape-fv gutentor-bshape-fv\"><div class=\"gutentor-block-shape-top\"><span><svg xmlns=\"http:\/\/www.w3.org\/2000\/svg\" viewbox=\"0 0 1000 100\" preserveaspectratio=\"none\"><path d=\"M0,6V0H1000V100Z\" transform=\"translate(0 0)\"><\/path><\/svg><\/span><\/div><div class=\"grid-container\"><div class=\"grid-row\">\n<div id=\"col-gmd0aadb\" class=\"wp-block-gutentor-m2-col col-gmd0aadb gutentor-module gutentor-dynamic-single-column wow slideInUp grid-lg-6 grid-md-4 grid-12\" data-wow-animation=\"slideInUp\" data-wow-iteration=\"1\"><div id=\"section-gmd0aadb\" class=\"section-gmd0aadb gutentor-single-col\">\n<section id=\"gm57cce99\" class=\"wp-block-gutentor-m4 section-gm57cce99 gutentor-module gutentor-advanced-columns\"><div class=\"grid-container gutentor-rm-ct-space\"><div class=\"grid-row\">\n<div id=\"col-gme917a7\" class=\"wp-block-gutentor-m4-col col-gme917a7 gutentor-single-column  grid-lg-4 grid-md-4 grid-4\"><div id=\"section-gme917a7\" class=\"section-gme917a7 gutentor-col-wrap\">\n<div id=\"section-gcc356e\" class=\"wp-block-gutentor-e5 section-gcc356e gutentor-element gutentor-element-icon gutentor-icon-square-border gutentor-enabled-width text-align-center-mobile\"><div class=\"gutentor-element-icon-box\"><i class=\"fas fa-laptop\"><\/i><\/div><\/div>\n<\/div><\/div>\n\n\n\n<div id=\"col-gm861e3b\" class=\"wp-block-gutentor-m4-col col-gm861e3b gutentor-single-column  grid-lg-8 grid-md-8 grid-8\"><div id=\"section-gm861e3b\" class=\"section-gm861e3b gutentor-col-wrap\">\n<div id=\"section-gc33a9d\" class=\"wp-block-gutentor-e3 section-gc33a9d gutentor-element gutentor-element-counter\"><div class=\"gutentor-element-counter-box\"><span class=\"gutentor-counter-number\"><span class=\"gutentor-counter-number-prefix\"><\/span><span class=\"gutentor-counter-number-main\" data-start=\"0\" data-end=\"2.500\">2.500<\/span><span class=\"gutentor-counter-number-postfix\"><\/span><\/span><\/div><\/div>\n\n\n\n<div id=\"section-gfb17e1\" class=\"wp-block-gutentor-e0 section-gfb17e1 gutentor-element gutentor-element-advanced-text\"><div class=\"gutentor-text-wrap\"><h5 class=\"gutentor-text\">citas en 2024<\/h5><\/div><\/div>\n<\/div><\/div>\n<\/div><\/div><\/section>\n<\/div><\/div>\n\n\n\n<div id=\"col-g-0jeqrbe\" class=\"wp-block-gutentor-m2-col col-g-0jeqrbe gutentor-module gutentor-dynamic-single-column grid-lg-4 grid-md-4 grid-12\"><div id=\"section-g-0jeqrbe\" class=\"section-g-0jeqrbe gutentor-single-col\">\n<div id=\"section-g-l81uvsu\" class=\"wp-block-gutentor-e1 section-g-l81uvsu gutentor-element gutentor-element-advanced-text\"><div class=\"gutentor-text-wrap\"><h2 class=\"gutentor-text\"><strong>\u00bfTu equipo comercial pierde tiempo intentando agendar reuniones con los clientes correctos?<\/strong><\/h2><\/div><\/div>\n\n\n\n<div id=\"section-g-ovz3uxt\" class=\"wp-block-gutentor-e1 section-g-ovz3uxt gutentor-element gutentor-element-advanced-text\"><div class=\"gutentor-text-wrap\"><p class=\"gutentor-text\">En AIO Contact, nos encargamos de conectar tu negocio con los tomadores de decisi\u00f3n adecuados, optimizando cada contacto y asegurando citas de calidad.<br><br>&#8211; Ahorra tiempo y recursos<br>&#8211; Accede a reuniones estrat\u00e9gicas<br> &#8211; Escucha cada llamada con total transparencia<br><br><strong>Descubre c\u00f3mo nuestra teleconcertaci\u00f3n puede potenciar tus ventas<\/strong><\/p><\/div><\/div>\n<\/div><\/div>\n<\/div><\/div><div class=\"gutentor-block-shape-bottom\"><span><svg xmlns=\"http:\/\/www.w3.org\/2000\/svg\" viewbox=\"0 0 1000 100\" preserveaspectratio=\"none\"><path d=\"M0,6V0H1000V100Z\" transform=\"translate(0 0)\"><\/path><\/svg><\/span><\/div><\/section>\n\n\n\n<section id=\"gm9f62a34\" class=\"wp-block-gutentor-m4 section-gm9f62a34 gutentor-module gutentor-advanced-columns\"><div class=\"grid-container\"><div class=\"grid-row\">\n<div id=\"col-gm30a3b4\" class=\"wp-block-gutentor-m4-col col-gm30a3b4 gutentor-single-column  grid-lg-6 grid-md-12 grid-12 wow slideInUp\" data-wow-animation=\"slideInUp\" data-wow-iteration=\"1\"><div id=\"section-gm30a3b4\" class=\"section-gm30a3b4 gutentor-col-wrap\">\n<div id=\"section-g8ad9b2\" class=\"wp-block-gutentor-e1 section-g8ad9b2 gutentor-element gutentor-element-advanced-text\"><div class=\"gutentor-text-wrap\"><h2 class=\"gutentor-text\">\u00bfQu\u00e9 servicios ofrecemos como un call center boutique?<\/h2><\/div><\/div>\n<\/div><\/div>\n\n\n\n<div id=\"col-gmfb6ab1\" class=\"wp-block-gutentor-m4-col col-gmfb6ab1 gutentor-single-column  grid-lg-6 grid-md-12 grid-12 wow slideInUp\" data-wow-animation=\"slideInUp\" data-wow-iteration=\"1\"><div id=\"section-gmfb6ab1\" class=\"section-gmfb6ab1 gutentor-col-wrap\">\n<div id=\"section-g128641\" class=\"wp-block-gutentor-e0 section-g128641 gutentor-element gutentor-element-advanced-text\"><div class=\"gutentor-text-wrap\"><p class=\"gutentor-text\">Nuestros servicios son fundamentales para impulsar el crecimiento de las empresas al optimizar cada interacci\u00f3n con sus clientes. Desde la <strong>teleconcertaci\u00f3n<\/strong> hasta la <strong>B2B telesales<\/strong> y la <strong>captaci\u00f3n de leads<\/strong> altamente calificados, ayudamos a las empresas a mejorar su <strong>eficiencia comercial<\/strong>, incrementar sus ventas y ofrecer una experiencia de cliente excepcional.<\/p><\/div><\/div>\n<\/div><\/div>\n<\/div><\/div><\/section>\n\n\n\n<section id=\"gmbae7bd5\" class=\"wp-block-gutentor-m4 section-gmbae7bd5 gutentor-module gutentor-advanced-columns has-color-bg has-custom-bg\"><div class=\"grid-container\"><div class=\"grid-row\">\n<div id=\"col-gm21dc2d\" class=\"wp-block-gutentor-m4-col col-gm21dc2d gutentor-single-column  grid-lg-7 grid-md-7 grid-12\"><div id=\"section-gm21dc2d\" class=\"section-gm21dc2d gutentor-col-wrap\">\n<div id=\"section-g3a6e31\" class=\"wp-block-gutentor-e1 section-g3a6e31 gutentor-element gutentor-element-advanced-text wow slideInUp\" data-wow-animation=\"slideInUp\"><div class=\"gutentor-text-wrap\"><h2 class=\"gutentor-text\">\u00bfListo para alcanzar tu \u00e9xito empresarial? <\/h2><\/div><\/div>\n\n\n\n<div id=\"section-g8de876\" class=\"wp-block-gutentor-e1 section-g8de876 gutentor-element gutentor-element-advanced-text wow slideInUp\" data-wow-animation=\"slideInUp\"><div class=\"gutentor-text-wrap\"><p class=\"gutentor-text\"><strong>Un enfoque centrado en la innovaci\u00f3n<\/strong><br>En AIO Contact, creemos en la importancia de evolucionar junto a nuestros clientes. Incorporamos tecnolog\u00eda avanzada en nuestras operaciones y combinamos lo mejor de la innovaci\u00f3n con la calidez y profesionalismo de nuestro equipo humano. Esta combinaci\u00f3n nos permite ser r\u00e1pidos, eficientes y excepcionales.<\/p><\/div><\/div>\n\n\n\n<div id=\"section-gaacc9b\" class=\"wp-block-gutentor-e2 section-gaacc9b gutentor-element gutentor-element-button wow slideInUp\" data-wow-animation=\"slideInUp\"><span class=\"gutentor-button-wrap\"><a class=\"gutentor-button gutentor-block-button gutentor-icon-hide\" href=\"https:\/\/aio-contact.com\/en\/contacto\/\"><i class=\"gutentor-button-icon fas fa-book\"><\/i><span>Pedir c<strong>otizaci\u00f3n<\/strong><\/span><\/a><\/span><\/div>\n<\/div><\/div>\n\n\n\n<div id=\"col-gm5f44cb\" class=\"wp-block-gutentor-m4-col col-gm5f44cb gutentor-single-column  grid-lg-5 grid-md-5 grid-12\"><div id=\"section-gm5f44cb\" class=\"section-gm5f44cb gutentor-col-wrap\">\n<div id=\"section-g86d22c\" class=\"wp-block-gutentor-e6 section-g86d22c gutentor-element gutentor-element-image\"><div class=\"gutentor-element-image-box\"><div class=\"gutentor-image-thumb\"><img decoding=\"async\" class=\"normal-image\" src=\"https:\/\/aio-contact.com\/wp-content\/uploads\/2025\/01\/OficinaFoto.png\" alt=\"Teleconcertaci\u00f3n\" \/><\/div><\/div><\/div>\n<\/div><\/div>\n<\/div><\/div><\/section>","protected":false},"excerpt":{"rendered":"","protected":false},"author":1,"featured_media":0,"parent":0,"menu_order":0,"comment_status":"closed","ping_status":"closed","template":"template-gutentor-full-width.php","meta":{"_crdt_document":"","footnotes":""},"class_list":["post-998","page","type-page","status-publish","hentry"],"yoast_head":"<!-- This site is optimized with the Yoast SEO plugin v27.4 - https:\/\/yoast.com\/product\/yoast-seo-wordpress\/ -->\n<title>Teleconcertaci\u00f3n | AIO Contact<\/title>\n<meta name=\"description\" content=\"AIO Contact, call center B2B l\u00edder en teleconcertaci\u00f3n, optimiza tus ventas conectando con tomadores de decisiones de forma personalizada.\" \/>\n<meta name=\"robots\" content=\"index, follow, max-snippet:-1, max-image-preview:large, max-video-preview:-1\" \/>\n<link rel=\"canonical\" href=\"https:\/\/aio-contact.com\/en\/aio-teleconcertacion\/\" \/>\n<meta property=\"og:locale\" content=\"en_GB\" \/>\n<meta property=\"og:type\" content=\"article\" \/>\n<meta property=\"og:title\" content=\"Teleconcertaci\u00f3n | AIO Contact\" \/>\n<meta property=\"og:description\" content=\"AIO Contact, call center B2B l\u00edder en teleconcertaci\u00f3n, optimiza tus ventas conectando con tomadores de decisiones de forma personalizada.\" \/>\n<meta property=\"og:url\" content=\"https:\/\/aio-contact.com\/en\/aio-teleconcertacion\/\" \/>\n<meta property=\"og:site_name\" content=\"AIO Contact\" \/>\n<meta property=\"article:modified_time\" content=\"2025-02-13T17:48:51+00:00\" \/>\n<meta property=\"og:image\" content=\"https:\/\/aio-contact.com\/wp-content\/uploads\/2025\/01\/A-sleek-modern-call-center-with-agents-in-a-calm-personalized-interaction-with-customers-emphasizing-warmth-and-empathy.-2.webp\" \/>\n<meta name=\"twitter:card\" content=\"summary_large_image\" \/>\n<meta name=\"twitter:label1\" content=\"Estimated reading time\" \/>\n\t<meta name=\"twitter:data1\" content=\"2 minutes\" \/>\n<script type=\"application\/ld+json\" class=\"yoast-schema-graph\">{\"@context\":\"https:\\\/\\\/schema.org\",\"@graph\":[{\"@type\":\"WebPage\",\"@id\":\"https:\\\/\\\/aio-contact.com\\\/aio-teleconcertacion\\\/\",\"url\":\"https:\\\/\\\/aio-contact.com\\\/aio-teleconcertacion\\\/\",\"name\":\"Teleconcertaci\u00f3n | AIO Contact\",\"isPartOf\":{\"@id\":\"https:\\\/\\\/aio-contact.com\\\/#website\"},\"primaryImageOfPage\":{\"@id\":\"https:\\\/\\\/aio-contact.com\\\/aio-teleconcertacion\\\/#primaryimage\"},\"image\":{\"@id\":\"https:\\\/\\\/aio-contact.com\\\/aio-teleconcertacion\\\/#primaryimage\"},\"thumbnailUrl\":\"https:\\\/\\\/aio-contact.com\\\/wp-content\\\/uploads\\\/2025\\\/01\\\/A-sleek-modern-call-center-with-agents-in-a-calm-personalized-interaction-with-customers-emphasizing-warmth-and-empathy.-2.webp\",\"datePublished\":\"2025-01-06T22:31:47+00:00\",\"dateModified\":\"2025-02-13T17:48:51+00:00\",\"description\":\"AIO Contact, call center B2B l\u00edder en teleconcertaci\u00f3n, optimiza tus ventas conectando con tomadores de decisiones de forma personalizada.\",\"breadcrumb\":{\"@id\":\"https:\\\/\\\/aio-contact.com\\\/aio-teleconcertacion\\\/#breadcrumb\"},\"inLanguage\":\"en-GB\",\"potentialAction\":[{\"@type\":\"ReadAction\",\"target\":[\"https:\\\/\\\/aio-contact.com\\\/aio-teleconcertacion\\\/\"]}]},{\"@type\":\"ImageObject\",\"inLanguage\":\"en-GB\",\"@id\":\"https:\\\/\\\/aio-contact.com\\\/aio-teleconcertacion\\\/#primaryimage\",\"url\":\"https:\\\/\\\/aio-contact.com\\\/wp-content\\\/uploads\\\/2025\\\/01\\\/A-sleek-modern-call-center-with-agents-in-a-calm-personalized-interaction-with-customers-emphasizing-warmth-and-empathy.-2.webp\",\"contentUrl\":\"https:\\\/\\\/aio-contact.com\\\/wp-content\\\/uploads\\\/2025\\\/01\\\/A-sleek-modern-call-center-with-agents-in-a-calm-personalized-interaction-with-customers-emphasizing-warmth-and-empathy.-2.webp\"},{\"@type\":\"BreadcrumbList\",\"@id\":\"https:\\\/\\\/aio-contact.com\\\/aio-teleconcertacion\\\/#breadcrumb\",\"itemListElement\":[{\"@type\":\"ListItem\",\"position\":1,\"name\":\"Portada\",\"item\":\"https:\\\/\\\/aio-contact.com\\\/\"},{\"@type\":\"ListItem\",\"position\":2,\"name\":\"Teleconcertaci\u00f3n\"}]},{\"@type\":\"WebSite\",\"@id\":\"https:\\\/\\\/aio-contact.com\\\/#website\",\"url\":\"https:\\\/\\\/aio-contact.com\\\/\",\"name\":\"AIO Contact\",\"description\":\"Call Center B2B\",\"publisher\":{\"@id\":\"https:\\\/\\\/aio-contact.com\\\/#organization\"},\"potentialAction\":[{\"@type\":\"SearchAction\",\"target\":{\"@type\":\"EntryPoint\",\"urlTemplate\":\"https:\\\/\\\/aio-contact.com\\\/?s={search_term_string}\"},\"query-input\":{\"@type\":\"PropertyValueSpecification\",\"valueRequired\":true,\"valueName\":\"search_term_string\"}}],\"inLanguage\":\"en-GB\"},{\"@type\":\"Organization\",\"@id\":\"https:\\\/\\\/aio-contact.com\\\/#organization\",\"name\":\"AIO Contact\",\"alternateName\":\"Call Center B2B\",\"url\":\"https:\\\/\\\/aio-contact.com\\\/\",\"logo\":{\"@type\":\"ImageObject\",\"inLanguage\":\"en-GB\",\"@id\":\"https:\\\/\\\/aio-contact.com\\\/#\\\/schema\\\/logo\\\/image\\\/\",\"url\":\"https:\\\/\\\/aio-contact.com\\\/wp-content\\\/uploads\\\/2024\\\/10\\\/Logo-contact-OK-01.png\",\"contentUrl\":\"https:\\\/\\\/aio-contact.com\\\/wp-content\\\/uploads\\\/2024\\\/10\\\/Logo-contact-OK-01.png\",\"width\":2133,\"height\":2133,\"caption\":\"AIO Contact\"},\"image\":{\"@id\":\"https:\\\/\\\/aio-contact.com\\\/#\\\/schema\\\/logo\\\/image\\\/\"},\"sameAs\":[\"https:\\\/\\\/www.linkedin.com\\\/company\\\/aio-contact\"]}]}<\/script>\n<!-- \/ Yoast SEO plugin. -->","yoast_head_json":{"title":"Teleconcertaci\u00f3n | AIO Contact","description":"AIO Contact, call center B2B l\u00edder en teleconcertaci\u00f3n, optimiza tus ventas conectando con tomadores de decisiones de forma personalizada.","robots":{"index":"index","follow":"follow","max-snippet":"max-snippet:-1","max-image-preview":"max-image-preview:large","max-video-preview":"max-video-preview:-1"},"canonical":"https:\/\/aio-contact.com\/en\/aio-teleconcertacion\/","og_locale":"en_GB","og_type":"article","og_title":"Teleconcertaci\u00f3n | AIO Contact","og_description":"AIO Contact, call center B2B l\u00edder en teleconcertaci\u00f3n, optimiza tus ventas conectando con tomadores de decisiones de forma personalizada.","og_url":"https:\/\/aio-contact.com\/en\/aio-teleconcertacion\/","og_site_name":"AIO Contact","article_modified_time":"2025-02-13T17:48:51+00:00","og_image":[{"url":"https:\/\/aio-contact.com\/wp-content\/uploads\/2025\/01\/A-sleek-modern-call-center-with-agents-in-a-calm-personalized-interaction-with-customers-emphasizing-warmth-and-empathy.-2.webp","type":"","width":"","height":""}],"twitter_card":"summary_large_image","twitter_misc":{"Estimated reading time":"2 minutes"},"schema":{"@context":"https:\/\/schema.org","@graph":[{"@type":"WebPage","@id":"https:\/\/aio-contact.com\/aio-teleconcertacion\/","url":"https:\/\/aio-contact.com\/aio-teleconcertacion\/","name":"Teleconcertaci\u00f3n | AIO Contact","isPartOf":{"@id":"https:\/\/aio-contact.com\/#website"},"primaryImageOfPage":{"@id":"https:\/\/aio-contact.com\/aio-teleconcertacion\/#primaryimage"},"image":{"@id":"https:\/\/aio-contact.com\/aio-teleconcertacion\/#primaryimage"},"thumbnailUrl":"https:\/\/aio-contact.com\/wp-content\/uploads\/2025\/01\/A-sleek-modern-call-center-with-agents-in-a-calm-personalized-interaction-with-customers-emphasizing-warmth-and-empathy.-2.webp","datePublished":"2025-01-06T22:31:47+00:00","dateModified":"2025-02-13T17:48:51+00:00","description":"AIO Contact, call center B2B l\u00edder en teleconcertaci\u00f3n, optimiza tus ventas conectando con tomadores de decisiones de forma personalizada.","breadcrumb":{"@id":"https:\/\/aio-contact.com\/aio-teleconcertacion\/#breadcrumb"},"inLanguage":"en-GB","potentialAction":[{"@type":"ReadAction","target":["https:\/\/aio-contact.com\/aio-teleconcertacion\/"]}]},{"@type":"ImageObject","inLanguage":"en-GB","@id":"https:\/\/aio-contact.com\/aio-teleconcertacion\/#primaryimage","url":"https:\/\/aio-contact.com\/wp-content\/uploads\/2025\/01\/A-sleek-modern-call-center-with-agents-in-a-calm-personalized-interaction-with-customers-emphasizing-warmth-and-empathy.-2.webp","contentUrl":"https:\/\/aio-contact.com\/wp-content\/uploads\/2025\/01\/A-sleek-modern-call-center-with-agents-in-a-calm-personalized-interaction-with-customers-emphasizing-warmth-and-empathy.-2.webp"},{"@type":"BreadcrumbList","@id":"https:\/\/aio-contact.com\/aio-teleconcertacion\/#breadcrumb","itemListElement":[{"@type":"ListItem","position":1,"name":"Portada","item":"https:\/\/aio-contact.com\/"},{"@type":"ListItem","position":2,"name":"Teleconcertaci\u00f3n"}]},{"@type":"WebSite","@id":"https:\/\/aio-contact.com\/#website","url":"https:\/\/aio-contact.com\/","name":"AIO Contact","description":"Call Center B2B","publisher":{"@id":"https:\/\/aio-contact.com\/#organization"},"potentialAction":[{"@type":"SearchAction","target":{"@type":"EntryPoint","urlTemplate":"https:\/\/aio-contact.com\/?s={search_term_string}"},"query-input":{"@type":"PropertyValueSpecification","valueRequired":true,"valueName":"search_term_string"}}],"inLanguage":"en-GB"},{"@type":"Organization","@id":"https:\/\/aio-contact.com\/#organization","name":"AIO Contact","alternateName":"Call Center B2B","url":"https:\/\/aio-contact.com\/","logo":{"@type":"ImageObject","inLanguage":"en-GB","@id":"https:\/\/aio-contact.com\/#\/schema\/logo\/image\/","url":"https:\/\/aio-contact.com\/wp-content\/uploads\/2024\/10\/Logo-contact-OK-01.png","contentUrl":"https:\/\/aio-contact.com\/wp-content\/uploads\/2024\/10\/Logo-contact-OK-01.png","width":2133,"height":2133,"caption":"AIO Contact"},"image":{"@id":"https:\/\/aio-contact.com\/#\/schema\/logo\/image\/"},"sameAs":["https:\/\/www.linkedin.com\/company\/aio-contact"]}]}},"_links":{"self":[{"href":"https:\/\/aio-contact.com\/en\/wp-json\/wp\/v2\/pages\/998","targetHints":{"allow":["GET"]}}],"collection":[{"href":"https:\/\/aio-contact.com\/en\/wp-json\/wp\/v2\/pages"}],"about":[{"href":"https:\/\/aio-contact.com\/en\/wp-json\/wp\/v2\/types\/page"}],"author":[{"embeddable":true,"href":"https:\/\/aio-contact.com\/en\/wp-json\/wp\/v2\/users\/1"}],"replies":[{"embeddable":true,"href":"https:\/\/aio-contact.com\/en\/wp-json\/wp\/v2\/comments?post=998"}],"version-history":[{"count":9,"href":"https:\/\/aio-contact.com\/en\/wp-json\/wp\/v2\/pages\/998\/revisions"}],"predecessor-version":[{"id":1064,"href":"https:\/\/aio-contact.com\/en\/wp-json\/wp\/v2\/pages\/998\/revisions\/1064"}],"wp:attachment":[{"href":"https:\/\/aio-contact.com\/en\/wp-json\/wp\/v2\/media?parent=998"}],"curies":[{"name":"wp","href":"https:\/\/api.w.org\/{rel}","templated":true}]}}